{"id":10218,"date":"2023-01-16T09:43:12","date_gmt":"2023-01-16T09:43:12","guid":{"rendered":"https:\/\/rfpconsulting.it\/applicazioni-alimentari-ed-ingegneria\/"},"modified":"2025-11-21T09:19:31","modified_gmt":"2025-11-21T09:19:31","slug":"aplicaciones-alimentaria-y-ingegneria","status":"publish","type":"page","link":"https:\/\/rfpconsulting.it\/es\/aplicaciones-alimentaria-y-ingegneria\/","title":{"rendered":"Aplicaciones alimentaria y ingenier\u00eda"},"content":{"rendered":"<section class=\"wpb-content-wrapper\"><p>[vc_section full_width=&#8221;stretch_row&#8221; css=&#8221;.vc_custom_1673449977720{margin-top: 0px !important;margin-bottom: 0px !important;padding-top: 0px !important;padding-bottom: 0px !important;background-position: center !important;background-repeat: no-repeat !important;background-size: contain !important;}&#8221; el_class=&#8221;background-position-top-custom&#8221;][vc_row full_width=&#8221;stretch_row&#8221; gap=&#8221;15&#8243; css=&#8221;.vc_custom_1673449962226{margin-top: 0px !important;margin-bottom: 0px !important;padding-top: 0px !important;padding-bottom: 0px !important;}&#8221;][vc_column css_animation=&#8221;none&#8221; css=&#8221;.vc_custom_1582545500989{margin-top: 0px !important;margin-bottom: 0px !important;padding-top: 10px !important;padding-right: 0px !important;padding-bottom: 0px !important;padding-left: 0px !important;}&#8221;][vc_empty_space][vc_custom_heading text=&#8221;Aplicaciones alimentaria y ingenier\u00eda&#8221; font_container=&#8221;tag:h2|font_size:36px|text_align:left|color:%232d2d2d|line_height:45px&#8221; use_theme_fonts=&#8221;yes&#8221; css_animation=&#8221;none&#8221; css=&#8221;.vc_custom_1681207617673{margin-top: 0px !important;margin-bottom: 0px !important;padding-top: 0px !important;padding-bottom: 0px !important;}&#8221;][vc_column_text]Las resinas de intercambio i\u00f3nico, adsorbente y las resinas cromatogr\u00e1ficas cumplen las normativas en la FDA Americana y en la APF97 Europea.[\/vc_column_text][vc_row_inner][vc_column_inner width=&#8221;1\/12&#8243;][vc_single_image image=&#8221;10595&#8243; img_size=&#8221;68&#215;100&#8243; alignment=&#8221;right&#8221;][\/vc_column_inner][vc_column_inner width=&#8221;11\/12&#8243;][vc_column_text]<strong>ZUMOS DE FRUTAS<\/strong>: Decoloraci\u00f3n, desmineralizaci\u00f3n, acidificaci\u00f3n y eliminaci\u00f3n de metales pesados \u200b\u200b(zumo de manzana, d\u00e1tiles, algarroba, pi\u00f1a, granada, etc.).[\/vc_column_text][\/vc_column_inner][\/vc_row_inner][vc_row_inner][vc_column_inner width=&#8221;1\/12&#8243;][vc_single_image image=&#8221;10543&#8243; img_size=&#8221;68&#215;100&#8243; alignment=&#8221;right&#8221;][\/vc_column_inner][vc_column_inner width=&#8221;11\/12&#8243;][vc_column_text]<strong>ZUMOS DE UVA Y VINOS:<\/strong> desmineralizaci\u00f3n de mostos, decoloraci\u00f3n, eliminaci\u00f3n de hierro y metales pesados, elaboraci\u00f3n de extractos de antocianos y taninos a partir de hollejos de uva, elaboraci\u00f3n de proantocianidinas a partir de pepitas de uva, acidificaci\u00f3n de mostos y vinos, depuraci\u00f3n de \u00e1cido tart\u00e1rico.[\/vc_column_text][\/vc_column_inner][\/vc_row_inner][vc_row_inner][vc_column_inner width=&#8221;1\/12&#8243;][vc_single_image image=&#8221;10540&#8243; img_size=&#8221;&#8221; alignment=&#8221;right&#8221;][\/vc_column_inner][vc_column_inner width=&#8221;11\/12&#8243;][vc_column_text]<strong>JUGOS DE C\u00cdTRICOS Y SUS DERIVADOS:<\/strong> Desamarizaci\u00f3n, decoloraci\u00f3n, producci\u00f3n de extractos flavonoides, desacidificaci\u00f3n, purificaci\u00f3n de pectinas.[\/vc_column_text][\/vc_column_inner][\/vc_row_inner][vc_row_inner][vc_column_inner width=&#8221;1\/12&#8243;][vc_single_image image=&#8221;9450&#8243; img_size=&#8221;68&#215;100&#8243; alignment=&#8221;right&#8221;][\/vc_column_inner][vc_column_inner width=&#8221;11\/12&#8243;][vc_column_text]<strong>EXTRACTOS NATURALES:<\/strong> producci\u00f3n de polifenoles (antocianinas) a partir de ar\u00e1ndanos y bayas de sa\u00faco, zumo de manzana, zumo de melocot\u00f3n, alcachofa, uva, c\u00edtricos, d\u00e1tiles, producci\u00f3n de punicalangina a partir de piel de granada.[\/vc_column_text][\/vc_column_inner][\/vc_row_inner][vc_row_inner][vc_column_inner width=&#8221;1\/12&#8243;][vc_single_image image=&#8221;10591&#8243; img_size=&#8221;68&#215;100&#8243; alignment=&#8221;right&#8221;][\/vc_column_inner][vc_column_inner width=&#8221;11\/12&#8243;][vc_column_text]<strong>RESIDUOS AGROINDUSTRIALES<\/strong>: recuperaci\u00f3n de az\u00facares, fibras y polifenoles.[\/vc_column_text][\/vc_column_inner][\/vc_row_inner][vc_row_inner][vc_column_inner width=&#8221;1\/12&#8243;][vc_single_image image=&#8221;10209&#8243; img_size=&#8221;68&#215;100&#8243; alignment=&#8221;right&#8221;][\/vc_column_inner][vc_column_inner width=&#8221;11\/12&#8243;][vc_column_text]<strong>AZ\u00daCARES:<\/strong> Desincrustante, decoloraci\u00f3n y desmineralizaci\u00f3n de la sacarosa. Separaci\u00f3n de glucosa de fructosa, inversi\u00f3n de sacarosa, purificaci\u00f3n de fructoligosac\u00e1ridos.[\/vc_column_text][\/vc_column_inner][\/vc_row_inner][vc_column_text]<strong>Ingenier\u00eda b\u00e1sica:<\/strong><\/p>\n<p>&#8211; Descripci\u00f3n general de la planta de resina<\/p>\n<p>&#8211; Dimensionamiento del sistema y condiciones operativa<\/p>\n<p>&#8211; Planos de construcci\u00f3n de las columnas de contenci\u00f3n de resina<\/p>\n<p>&#8211; Proceso y herramientas de P&amp;ID<\/p>\n<p>&#8211; Secuencias de funcionamiento<\/p>\n<p>&#8211; Lista de accesorios sugeridos<\/p>\n<p>&#8211; Asistencia t\u00e9cnica durante la construcci\u00f3n y puesta en marcha<\/p>\n<p>[\/vc_column_text][vc_empty_space][vc_custom_heading text=&#8221;Download catalogue&#8221; font_container=&#8221;tag:h4|text_align:left&#8221;]\r<!-- radiantthemes-custom-button -->\r<div class=\"radiantthemes-custom-button hover-style-one rt3684387354  letter-spacing-1 font-weight-medium\"  data-button-direction=\"left\" data-button-fullwidth=\"false\" ><a style=\" color: #ffffff; line-height: 23px; font-size: 13px;\" class=\"radiantthemes-custom-button-main  vc_custom_1713187920451\" href=\"https:\/\/rfpconsulting.it\/wp-content\/uploads\/2024\/04\/bro_3ante_04_ESP_p-sing.pdf\"  title=\"\" target=\"_blank\"><div class=\"placeholder\">Brochure<\/div><\/a><\/div>\r<!-- radiantthemes-custom-button -->\r[\/vc_column][\/vc_row][\/vc_section][vc_row][vc_column][vc_empty_space height=&#8221;60&#8243;][\/vc_column][\/vc_row][vc_section full_width=&#8221;stretch_row&#8221; disable_element=&#8221;yes&#8221; css=&#8221;.vc_custom_1673449376316{margin-top: 0px !important;margin-bottom: 0px !important;padding-top: 0px !important;padding-bottom: 80px !important;background-position: center !important;background-repeat: no-repeat !important;background-size: cover !important;}&#8221;][vc_row full_width=&#8221;stretch_row&#8221; css=&#8221;.vc_custom_1530248075407{margin-top: 0px !important;margin-bottom: 0px !important;padding-top: 0px !important;padding-bottom: 0px !important;background-position: center !important;background-repeat: no-repeat !important;background-size: contain !important;}&#8221;][vc_column css=&#8221;.vc_custom_1530248286135{margin-top: 0px !important;margin-bottom: 0px !important;padding-top: 0px !important;padding-bottom: 0px !important;}&#8221;][vc_row_inner css=&#8221;.vc_custom_1530173036346{margin-top: 0px !important;margin-bottom: 0px !important;padding-top: 0px !important;padding-bottom: 0px !important;}&#8221;][vc_column_inner width=&#8221;1\/6&#8243;][\/vc_column_inner][vc_column_inner width=&#8221;2\/3&#8243; css=&#8221;.vc_custom_1530248212960{margin-top: 0px !important;margin-bottom: 0px !important;padding-top: 0px !important;padding-bottom: 0px !important;}&#8221;][vc_custom_heading text=&#8221;Diplomas and Certificates of our Doctors&#8221; font_container=&#8221;tag:h2|font_size:36px|text_align:center|color:%232d2d2d|line_height:45px&#8221; use_theme_fonts=&#8221;yes&#8221; css_animation=&#8221;none&#8221; css=&#8221;.vc_custom_1533798477647{margin-top: 0px !important;margin-bottom: 0px !important;padding-top: 0px !important;padding-bottom: 0px !important;}&#8221;][\/vc_column_inner][vc_column_inner width=&#8221;1\/6&#8243;][\/vc_column_inner][\/vc_row_inner][vc_row_inner css=&#8221;.vc_custom_1530173120729{margin-top: 0px !important;margin-bottom: 0px !important;padding-top: 0px !important;padding-bottom: 0px !important;}&#8221;][vc_column_inner width=&#8221;1\/12&#8243;][\/vc_column_inner][vc_column_inner width=&#8221;5\/6&#8243;][vc_custom_heading text=&#8221;On the other hand we denounce with righteous indignation and dislike men who are so beguiled and demoralized by the charms of pleasure of the moment so blinded by desire that they cannot foresee. Lorem ipsum dolor sit amet consectetur adipiscing.&#8221; font_container=&#8221;tag:p|text_align:center|color:%23434343&#8243; use_theme_fonts=&#8221;yes&#8221; css_animation=&#8221;none&#8221; css=&#8221;.vc_custom_1533798490806{margin-top: 20px !important;margin-bottom: 0px !important;padding-top: 0px !important;padding-bottom: 0px !important;}&#8221;][\/vc_column_inner][vc_column_inner width=&#8221;1\/12&#8243;][\/vc_column_inner][\/vc_row_inner][\/vc_column][\/vc_row][vc_row full_width=&#8221;stretch_row&#8221; css=&#8221;.vc_custom_1530100859855{margin-top: 0px !important;margin-bottom: 0px !important;padding-top: 40px !important;padding-bottom: 0px !important;}&#8221;][vc_column css_animation=&#8221;fadeIn&#8221; width=&#8221;1\/3&#8243; css=&#8221;.vc_custom_1582545741312{margin-top: 0px !important;margin-bottom: 0px !important;padding-top: 0px !important;padding-bottom: 0px !important;}&#8221;][vc_single_image image=&#8221;8002&#8243; img_size=&#8221;full&#8221; css=&#8221;.vc_custom_1531725667846{margin-top: 0px !important;margin-bottom: 0px !important;padding-top: 0px !important;padding-bottom: 0px !important;}&#8221;][\/vc_column][vc_column css_animation=&#8221;fadeIn&#8221; width=&#8221;1\/3&#8243; css=&#8221;.vc_custom_1582545751240{margin-top: 0px !important;margin-bottom: 0px !important;padding-top: 0px !important;padding-bottom: 0px !important;}&#8221;][vc_single_image image=&#8221;8003&#8243; img_size=&#8221;full&#8221; css=&#8221;.vc_custom_1531725930763{margin-top: 0px !important;margin-bottom: 0px !important;padding-top: 0px !important;padding-bottom: 0px !important;}&#8221;][\/vc_column][vc_column css_animation=&#8221;fadeIn&#8221; width=&#8221;1\/3&#8243; css=&#8221;.vc_custom_1582545764316{margin-top: 0px !important;margin-bottom: 0px !important;padding-top: 0px !important;padding-bottom: 0px !important;}&#8221;][vc_single_image image=&#8221;8004&#8243; img_size=&#8221;full&#8221; css=&#8221;.vc_custom_1531725961939{margin-top: 0px !important;margin-bottom: 0px !important;padding-top: 0px !important;padding-bottom: 0px !important;}&#8221;][\/vc_column][\/vc_row][\/vc_section]<\/p>\n<\/section>","protected":false},"excerpt":{"rendered":"<p>[vc_section full_width=&#8221;stretch_row&#8221; css=&#8221;.vc_custom_1673449977720{margin-top: 0px !important;margin-bottom: 0px !important;padding-top: 0px !important;padding-bottom: 0px !important;background-position: center !important;background-repeat: no-repeat !important;background-size: contain !important;}&#8221; el_class=&#8221;background-position-top-custom&#8221;][vc_row full_width=&#8221;stretch_row&#8221; gap=&#8221;15&#8243; css=&#8221;.vc_custom_1673449962226{margin-top: 0px !important;margin-bottom: 0px !important;padding-top: 0px !important;padding-bottom: 0px !important;}&#8221;][vc_column css_animation=&#8221;none&#8221; css=&#8221;.vc_custom_1582545500989{margin-top: 0px !important;margin-bottom: 0px !important;padding-top: 10px !important;padding-right: 0px !important;padding-bottom: 0px !important;padding-left: 0px !important;}&#8221;][vc_empty_space][vc_custom_heading text=&#8221;Aplicaciones alimentaria y ingenier\u00eda&#8221; font_container=&#8221;tag:h2|font_size:36px|text_align:left|color:%232d2d2d|line_height:45px&#8221; use_theme_fonts=&#8221;yes&#8221; css_animation=&#8221;none&#8221; css=&#8221;.vc_custom_1681207617673{margin-top: 0px !important;margin-bottom: 0px !important;padding-top: [&hellip;]<\/p>\n","protected":false},"author":2,"featured_media":0,"parent":0,"menu_order":0,"comment_status":"closed","ping_status":"closed","template":"","meta":{"footnotes":""},"class_list":["post-10218","page","type-page","status-publish","hentry"],"_links":{"self":[{"href":"https:\/\/rfpconsulting.it\/es\/wp-json\/wp\/v2\/pages\/10218","targetHints":{"allow":["GET"]}}],"collection":[{"href":"https:\/\/rfpconsulting.it\/es\/wp-json\/wp\/v2\/pages"}],"about":[{"href":"https:\/\/rfpconsulting.it\/es\/wp-json\/wp\/v2\/types\/page"}],"author":[{"embeddable":true,"href":"https:\/\/rfpconsulting.it\/es\/wp-json\/wp\/v2\/users\/2"}],"replies":[{"embeddable":true,"href":"https:\/\/rfpconsulting.it\/es\/wp-json\/wp\/v2\/comments?post=10218"}],"version-history":[{"count":11,"href":"https:\/\/rfpconsulting.it\/es\/wp-json\/wp\/v2\/pages\/10218\/revisions"}],"predecessor-version":[{"id":10598,"href":"https:\/\/rfpconsulting.it\/es\/wp-json\/wp\/v2\/pages\/10218\/revisions\/10598"}],"wp:attachment":[{"href":"https:\/\/rfpconsulting.it\/es\/wp-json\/wp\/v2\/media?parent=10218"}],"curies":[{"name":"wp","href":"https:\/\/api.w.org\/{rel}","templated":true}]}}