{"id":10221,"date":"2018-07-16T05:02:03","date_gmt":"2018-07-16T05:02:03","guid":{"rendered":"https:\/\/rfpconsulting.it\/azienda\/"},"modified":"2023-01-23T11:50:26","modified_gmt":"2023-01-23T11:50:26","slug":"sobre-nosotros","status":"publish","type":"page","link":"https:\/\/rfpconsulting.it\/es\/sobre-nosotros\/","title":{"rendered":"Sobre nosotros"},"content":{"rendered":"<section class=\"wpb-content-wrapper\"><p>[vc_section full_width=&#8221;stretch_row&#8221; css=&#8221;.vc_custom_1673449977720{margin-top: 0px !important;margin-bottom: 0px !important;padding-top: 0px !important;padding-bottom: 0px !important;background-position: center !important;background-repeat: no-repeat !important;background-size: contain !important;}&#8221; el_class=&#8221;background-position-top-custom&#8221;][vc_row full_width=&#8221;stretch_row&#8221; gap=&#8221;15&#8243; css=&#8221;.vc_custom_1673449962226{margin-top: 0px !important;margin-bottom: 0px !important;padding-top: 0px !important;padding-bottom: 0px !important;}&#8221;][vc_column css_animation=&#8221;none&#8221; css=&#8221;.vc_custom_1582545500989{margin-top: 0px !important;margin-bottom: 0px !important;padding-top: 10px !important;padding-right: 0px !important;padding-bottom: 0px !important;padding-left: 0px !important;}&#8221;][vc_empty_space][vc_custom_heading text=&#8221;Consulting Firm RFP srls&#8221; font_container=&#8221;tag:h2|font_size:36px|text_align:left|color:%232d2d2d|line_height:45px&#8221; use_theme_fonts=&#8221;yes&#8221; css_animation=&#8221;none&#8221; css=&#8221;.vc_custom_1673943488922{margin-top: 0px !important;margin-bottom: 0px !important;padding-top: 0px !important;padding-bottom: 0px !important;}&#8221;][vc_column_text]Consulting Firm RFP fue fundada en 2016 tras una experiencia en la venta y asistencia de resinas de intercambio i\u00f3nico, adsorbentes y cromatograf\u00eda para la mayor multinacional japonesa.<\/p>\n<p>En 2018 depositamos la marca <strong>DYNASPHER<\/strong> \u00ae y abrimos la sede operativa y el almac\u00e9n en Settimo Milanese (MI).<\/p>\n<p>Nuestra misi\u00f3n es desarrollar nuevas aplicaciones sostenibles, ayudar a los usuarios en la gesti\u00f3n y optimizaci\u00f3n de los procesos de resina existentes, apoyar a los fabricantes durante la construcci\u00f3n de plantas y reducir el impacto ambiental de los procesos de tratamiento de aguas residuales mediante el uso combinado de membranas, resinas y materiales de filtrado.<\/p>\n<p>Consulting Firm RFP opera principalmente en los mercados de alimentos, nutrac\u00e9uticos y tratamiento de agua.<\/p>\n<p><strong>Nuestros servicios:<\/strong><\/p>\n<ul>\n<li><strong>Investigaci\u00f3n y desarrollo de nuevas aplicaciones.<\/strong><\/li>\n<li><strong>An\u00e1lisis qu\u00edmico-f\u00edsico de resinas usadas<\/strong><\/li>\n<li><strong>Cursos de aplicaci\u00f3n para personal de laboratorio<\/strong><\/li>\n<li><strong>Construcci\u00f3n de plantas piloto<\/strong><\/li>\n<li><strong>Ingenier\u00eda b\u00e1sica para la construcci\u00f3n de plantas de resina<\/strong><\/li>\n<\/ul>\n<p>[\/vc_column_text][vc_empty_space][\/vc_column][\/vc_row][\/vc_section][vc_row][vc_column width=&#8221;1\/3&#8243;][vc_single_image image=&#8221;9078&#8243; img_size=&#8221;full&#8221; style=&#8221;vc_box_border&#8221; border_color=&#8221;sky&#8221; onclick=&#8221;img_link_large&#8221; css=&#8221;.vc_custom_1673450694020{margin-top: 0px !important;margin-right: 0px !important;margin-bottom: 0px !important;margin-left: 0px !important;padding-top: 0px !important;padding-right: 0px !important;padding-bottom: 0px !important;padding-left: 0px !important;}&#8221;][\/vc_column][vc_column width=&#8221;1\/3&#8243;][vc_single_image image=&#8221;9076&#8243; img_size=&#8221;full&#8221; style=&#8221;vc_box_border&#8221; border_color=&#8221;sky&#8221; onclick=&#8221;img_link_large&#8221; css=&#8221;.vc_custom_1673450530609{margin-top: 0px !important;margin-right: 0px !important;margin-bottom: 0px !important;margin-left: 0px !important;padding-top: 0px !important;padding-right: 0px !important;padding-bottom: 0px !important;padding-left: 0px !important;}&#8221;][\/vc_column][vc_column width=&#8221;1\/3&#8243;][vc_single_image image=&#8221;9080&#8243; img_size=&#8221;full&#8221; style=&#8221;vc_box_border&#8221; border_color=&#8221;sky&#8221; onclick=&#8221;img_link_large&#8221; css=&#8221;.vc_custom_1673450643361{margin-top: 0px !important;margin-right: 0px !important;margin-bottom: 0px !important;margin-left: 0px !important;padding-top: 0px !important;padding-right: 0px !important;padding-bottom: 0px !important;padding-left: 0px !important;}&#8221;][\/vc_column][\/vc_row][vc_row][vc_column][vc_empty_space height=&#8221;60&#8243;][\/vc_column][\/vc_row][vc_section full_width=&#8221;stretch_row&#8221; disable_element=&#8221;yes&#8221; css=&#8221;.vc_custom_1673449376316{margin-top: 0px !important;margin-bottom: 0px !important;padding-top: 0px !important;padding-bottom: 80px !important;background-position: center !important;background-repeat: no-repeat !important;background-size: cover !important;}&#8221;][vc_row full_width=&#8221;stretch_row&#8221; css=&#8221;.vc_custom_1530248075407{margin-top: 0px !important;margin-bottom: 0px !important;padding-top: 0px !important;padding-bottom: 0px !important;background-position: center !important;background-repeat: no-repeat !important;background-size: contain !important;}&#8221;][vc_column css=&#8221;.vc_custom_1530248286135{margin-top: 0px !important;margin-bottom: 0px !important;padding-top: 0px !important;padding-bottom: 0px !important;}&#8221;][vc_row_inner css=&#8221;.vc_custom_1530173036346{margin-top: 0px !important;margin-bottom: 0px !important;padding-top: 0px !important;padding-bottom: 0px !important;}&#8221;][vc_column_inner width=&#8221;1\/6&#8243;][\/vc_column_inner][vc_column_inner width=&#8221;2\/3&#8243; css=&#8221;.vc_custom_1530248212960{margin-top: 0px !important;margin-bottom: 0px !important;padding-top: 0px !important;padding-bottom: 0px !important;}&#8221;][vc_custom_heading text=&#8221;Diplomas and Certificates of our Doctors&#8221; font_container=&#8221;tag:h2|font_size:36px|text_align:center|color:%232d2d2d|line_height:45px&#8221; use_theme_fonts=&#8221;yes&#8221; css_animation=&#8221;none&#8221; css=&#8221;.vc_custom_1533798477647{margin-top: 0px !important;margin-bottom: 0px !important;padding-top: 0px !important;padding-bottom: 0px !important;}&#8221;][\/vc_column_inner][vc_column_inner width=&#8221;1\/6&#8243;][\/vc_column_inner][\/vc_row_inner][vc_row_inner css=&#8221;.vc_custom_1530173120729{margin-top: 0px !important;margin-bottom: 0px !important;padding-top: 0px !important;padding-bottom: 0px !important;}&#8221;][vc_column_inner width=&#8221;1\/12&#8243;][\/vc_column_inner][vc_column_inner width=&#8221;5\/6&#8243;][vc_custom_heading text=&#8221;On the other hand we denounce with righteous indignation and dislike men who are so beguiled and demoralized by the charms of pleasure of the moment so blinded by desire that they cannot foresee. Lorem ipsum dolor sit amet consectetur adipiscing.&#8221; font_container=&#8221;tag:p|text_align:center|color:%23434343&#8243; use_theme_fonts=&#8221;yes&#8221; css_animation=&#8221;none&#8221; css=&#8221;.vc_custom_1533798490806{margin-top: 20px !important;margin-bottom: 0px !important;padding-top: 0px !important;padding-bottom: 0px !important;}&#8221;][\/vc_column_inner][vc_column_inner width=&#8221;1\/12&#8243;][\/vc_column_inner][\/vc_row_inner][\/vc_column][\/vc_row][vc_row full_width=&#8221;stretch_row&#8221; css=&#8221;.vc_custom_1530100859855{margin-top: 0px !important;margin-bottom: 0px !important;padding-top: 40px !important;padding-bottom: 0px !important;}&#8221;][vc_column css_animation=&#8221;fadeIn&#8221; width=&#8221;1\/3&#8243; css=&#8221;.vc_custom_1582545741312{margin-top: 0px !important;margin-bottom: 0px !important;padding-top: 0px !important;padding-bottom: 0px !important;}&#8221;][vc_single_image image=&#8221;8002&#8243; img_size=&#8221;full&#8221; css=&#8221;.vc_custom_1531725667846{margin-top: 0px !important;margin-bottom: 0px !important;padding-top: 0px !important;padding-bottom: 0px !important;}&#8221;][\/vc_column][vc_column css_animation=&#8221;fadeIn&#8221; width=&#8221;1\/3&#8243; css=&#8221;.vc_custom_1582545751240{margin-top: 0px !important;margin-bottom: 0px !important;padding-top: 0px !important;padding-bottom: 0px !important;}&#8221;][vc_single_image image=&#8221;8003&#8243; img_size=&#8221;full&#8221; css=&#8221;.vc_custom_1531725930763{margin-top: 0px !important;margin-bottom: 0px !important;padding-top: 0px !important;padding-bottom: 0px !important;}&#8221;][\/vc_column][vc_column css_animation=&#8221;fadeIn&#8221; width=&#8221;1\/3&#8243; css=&#8221;.vc_custom_1582545764316{margin-top: 0px !important;margin-bottom: 0px !important;padding-top: 0px !important;padding-bottom: 0px !important;}&#8221;][vc_single_image image=&#8221;8004&#8243; img_size=&#8221;full&#8221; css=&#8221;.vc_custom_1531725961939{margin-top: 0px !important;margin-bottom: 0px !important;padding-top: 0px !important;padding-bottom: 0px !important;}&#8221;][\/vc_column][\/vc_row][\/vc_section]<\/p>\n<\/section>","protected":false},"excerpt":{"rendered":"<p>[vc_section full_width=&#8221;stretch_row&#8221; css=&#8221;.vc_custom_1673449977720{margin-top: 0px !important;margin-bottom: 0px !important;padding-top: 0px !important;padding-bottom: 0px !important;background-position: center !important;background-repeat: no-repeat !important;background-size: contain !important;}&#8221; el_class=&#8221;background-position-top-custom&#8221;][vc_row full_width=&#8221;stretch_row&#8221; gap=&#8221;15&#8243; css=&#8221;.vc_custom_1673449962226{margin-top: 0px !important;margin-bottom: 0px !important;padding-top: 0px !important;padding-bottom: 0px !important;}&#8221;][vc_column css_animation=&#8221;none&#8221; css=&#8221;.vc_custom_1582545500989{margin-top: 0px !important;margin-bottom: 0px !important;padding-top: 10px !important;padding-right: 0px !important;padding-bottom: 0px !important;padding-left: 0px !important;}&#8221;][vc_empty_space][vc_custom_heading text=&#8221;Consulting Firm RFP srls&#8221; font_container=&#8221;tag:h2|font_size:36px|text_align:left|color:%232d2d2d|line_height:45px&#8221; use_theme_fonts=&#8221;yes&#8221; css_animation=&#8221;none&#8221; css=&#8221;.vc_custom_1673943488922{margin-top: 0px !important;margin-bottom: 0px !important;padding-top: [&hellip;]<\/p>\n","protected":false},"author":1,"featured_media":0,"parent":0,"menu_order":0,"comment_status":"closed","ping_status":"closed","template":"","meta":{"footnotes":""},"class_list":["post-10221","page","type-page","status-publish","hentry"],"_links":{"self":[{"href":"https:\/\/rfpconsulting.it\/es\/wp-json\/wp\/v2\/pages\/10221","targetHints":{"allow":["GET"]}}],"collection":[{"href":"https:\/\/rfpconsulting.it\/es\/wp-json\/wp\/v2\/pages"}],"about":[{"href":"https:\/\/rfpconsulting.it\/es\/wp-json\/wp\/v2\/types\/page"}],"author":[{"embeddable":true,"href":"https:\/\/rfpconsulting.it\/es\/wp-json\/wp\/v2\/users\/1"}],"replies":[{"embeddable":true,"href":"https:\/\/rfpconsulting.it\/es\/wp-json\/wp\/v2\/comments?post=10221"}],"version-history":[{"count":3,"href":"https:\/\/rfpconsulting.it\/es\/wp-json\/wp\/v2\/pages\/10221\/revisions"}],"predecessor-version":[{"id":10305,"href":"https:\/\/rfpconsulting.it\/es\/wp-json\/wp\/v2\/pages\/10221\/revisions\/10305"}],"wp:attachment":[{"href":"https:\/\/rfpconsulting.it\/es\/wp-json\/wp\/v2\/media?parent=10221"}],"curies":[{"name":"wp","href":"https:\/\/api.w.org\/{rel}","templated":true}]}}