{"id":10226,"date":"2023-01-16T09:06:42","date_gmt":"2023-01-16T09:06:42","guid":{"rendered":"https:\/\/rfpconsulting.it\/ricerca-e-sviluppo\/"},"modified":"2025-11-25T14:14:41","modified_gmt":"2025-11-25T14:14:41","slug":"investigacion-y-desarrollo","status":"publish","type":"page","link":"https:\/\/rfpconsulting.it\/es\/investigacion-y-desarrollo\/","title":{"rendered":"Investigacion y desarrollo"},"content":{"rendered":"<section class=\"wpb-content-wrapper\"><p>[vc_section full_width=&#8221;stretch_row&#8221; css=&#8221;.vc_custom_1673449977720{margin-top: 0px !important;margin-bottom: 0px !important;padding-top: 0px !important;padding-bottom: 0px !important;background-position: center !important;background-repeat: no-repeat !important;background-size: contain !important;}&#8221; el_class=&#8221;background-position-top-custom&#8221;][vc_row css=&#8221;.vc_custom_1673860759587{padding-top: 30px !important;}&#8221;][vc_column width=&#8221;1\/4&#8243;][vc_single_image image=&#8221;10460&#8243; img_size=&#8221;full&#8221; style=&#8221;vc_box_border&#8221; border_color=&#8221;sky&#8221; onclick=&#8221;img_link_large&#8221; css=&#8221;.vc_custom_1712923202024{margin-top: 0px !important;margin-right: 0px !important;margin-bottom: 0px !important;margin-left: 0px !important;padding-top: 0px !important;padding-right: 0px !important;padding-bottom: 0px !important;padding-left: 0px !important;}&#8221;][\/vc_column][vc_column width=&#8221;1\/4&#8243;][vc_single_image image=&#8221;10195&#8243; img_size=&#8221;full&#8221; style=&#8221;vc_box_border&#8221; border_color=&#8221;sky&#8221; onclick=&#8221;img_link_large&#8221; css=&#8221;.vc_custom_1673860664813{margin-top: 0px !important;margin-right: 0px !important;margin-bottom: 0px !important;margin-left: 0px !important;padding-top: 0px !important;padding-right: 0px !important;padding-bottom: 0px !important;padding-left: 0px !important;}&#8221;][\/vc_column][vc_column width=&#8221;1\/4&#8243;][vc_single_image image=&#8221;10196&#8243; img_size=&#8221;full&#8221; style=&#8221;vc_box_border&#8221; border_color=&#8221;sky&#8221; onclick=&#8221;img_link_large&#8221; css=&#8221;.vc_custom_1673860676148{margin-top: 0px !important;margin-right: 0px !important;margin-bottom: 0px !important;margin-left: 0px !important;padding-top: 0px !important;padding-right: 0px !important;padding-bottom: 0px !important;padding-left: 0px !important;}&#8221;][\/vc_column][vc_column width=&#8221;1\/4&#8243;][vc_single_image image=&#8221;10197&#8243; img_size=&#8221;full&#8221; style=&#8221;vc_box_border&#8221; border_color=&#8221;sky&#8221; onclick=&#8221;img_link_large&#8221; css=&#8221;.vc_custom_1673860687644{margin-top: 0px !important;margin-right: 0px !important;margin-bottom: 0px !important;margin-left: 0px !important;padding-top: 0px !important;padding-right: 0px !important;padding-bottom: 0px !important;padding-left: 0px !important;}&#8221;][\/vc_column][\/vc_row][vc_row full_width=&#8221;stretch_row&#8221; gap=&#8221;15&#8243; css=&#8221;.vc_custom_1673861800751{margin-top: 0px !important;margin-bottom: 0px !important;padding-top: 20px !important;padding-bottom: 0px !important;}&#8221;][vc_column css_animation=&#8221;none&#8221; css=&#8221;.vc_custom_1582545500989{margin-top: 0px !important;margin-bottom: 0px !important;padding-top: 10px !important;padding-right: 0px !important;padding-bottom: 0px !important;padding-left: 0px !important;}&#8221;][vc_custom_heading text=&#8221;DESDE LAS PRUEBAS DE LABORATORIO HASTA LA PLANTA INDUSTRIAL&#8221; font_container=&#8221;tag:h2|font_size:36px|text_align:left|color:%232d2d2d|line_height:45px&#8221; use_theme_fonts=&#8221;yes&#8221; css_animation=&#8221;none&#8221; css=&#8221;.vc_custom_1673947536140{margin-top: 0px !important;margin-bottom: 0px !important;padding-top: 0px !important;padding-bottom: 0px !important;}&#8221;][vc_column_text]<strong>Para el desarrollo de nuevas aplicaciones de resinas de intercambio i\u00f3nico, adsorbentes y cromatogr\u00e1ficas: <\/strong><\/p>\n<ul>\n<li>Ensayos cualitativos de laboratorio con columnas cromatogr\u00e1ficas de vidrio de 150 &#8211; 1000 ml destinados a definir el proceso y las resinas de mayor rendimiento, donde el cliente o en nuestro laboratorio. Elaboraci\u00f3n de muestras del producto tratado a peque\u00f1a escala para evaluaci\u00f3n del cliente.<\/li>\n<li>Ensayos cualitativos y cuantitativos con planta piloto con columnas de resina de 3\/5 litros para definir la duraci\u00f3n del ciclo, la eficiencia regenerativa, el consumo de reactivos para la regeneraci\u00f3n, los vol\u00famenes de eluato y la consecuente sostenibilidad.<\/li>\n<li>Ensayos comparativos entre resinas de diferentes marcas con el objetivo de definir la resina de mejor comportamiento.<\/li>\n<li>Dimensionamiento de la planta industrial y detalle de las condiciones de operaci\u00f3n<\/li>\n<\/ul>\n<p><strong>Para sistemas de resina existentes: <\/strong><\/p>\n<ul>\n<li>Optimizaci\u00f3n y reestructuraci\u00f3n de plantas.<\/li>\n<li>Verificaci\u00f3n del consumo de reactivos para la regeneraci\u00f3n de resinas.<\/li>\n<li>An\u00e1lisis de las resinas utilizadas y soporte para su disposici\u00f3n.<\/li>\n<li>Cursos de formaci\u00f3n para personal de laboratorio.<\/li>\n<\/ul>\n<p>[\/vc_column_text][vc_empty_space height=&#8221;20px&#8221;][\/vc_column][\/vc_row][\/vc_section][vc_row][vc_column width=&#8221;1\/3&#8243;][vc_single_image image=&#8221;10466&#8243; img_size=&#8221;full&#8221; style=&#8221;vc_box_border&#8221; border_color=&#8221;sky&#8221; onclick=&#8221;img_link_large&#8221; css=&#8221;.vc_custom_1712923219452{margin-top: 0px !important;margin-right: 0px !important;margin-bottom: 0px !important;margin-left: 0px !important;padding-top: 0px !important;padding-right: 0px !important;padding-bottom: 0px !important;padding-left: 0px !important;}&#8221;][\/vc_column][vc_column width=&#8221;1\/3&#8243;][vc_video link=&#8221;https:\/\/youtu.be\/wq5YrvFbqAw&#8221;][vc_video link=&#8221;https:\/\/youtu.be\/0szfTDervbM&#8221;][\/vc_column][vc_column width=&#8221;1\/3&#8243;][vc_single_image image=&#8221;10463&#8243; img_size=&#8221;full&#8221; style=&#8221;vc_box_border&#8221; border_color=&#8221;sky&#8221; onclick=&#8221;img_link_large&#8221; css=&#8221;.vc_custom_1712923231998{margin-top: 0px !important;margin-right: 0px !important;margin-bottom: 0px !important;margin-left: 0px !important;padding-top: 0px !important;padding-right: 0px !important;padding-bottom: 0px !important;padding-left: 0px !important;}&#8221;][\/vc_column][\/vc_row][vc_row][vc_column][vc_empty_space height=&#8221;60&#8243;][\/vc_column][\/vc_row][vc_section full_width=&#8221;stretch_row&#8221; disable_element=&#8221;yes&#8221; css=&#8221;.vc_custom_1673449376316{margin-top: 0px !important;margin-bottom: 0px !important;padding-top: 0px !important;padding-bottom: 80px !important;background-position: center !important;background-repeat: no-repeat !important;background-size: cover !important;}&#8221;][vc_row full_width=&#8221;stretch_row&#8221; css=&#8221;.vc_custom_1530248075407{margin-top: 0px !important;margin-bottom: 0px !important;padding-top: 0px !important;padding-bottom: 0px !important;background-position: center !important;background-repeat: no-repeat !important;background-size: contain !important;}&#8221;][vc_column css=&#8221;.vc_custom_1530248286135{margin-top: 0px !important;margin-bottom: 0px !important;padding-top: 0px !important;padding-bottom: 0px !important;}&#8221;][vc_row_inner css=&#8221;.vc_custom_1530173036346{margin-top: 0px !important;margin-bottom: 0px !important;padding-top: 0px !important;padding-bottom: 0px !important;}&#8221;][vc_column_inner width=&#8221;1\/6&#8243;][\/vc_column_inner][vc_column_inner width=&#8221;2\/3&#8243; css=&#8221;.vc_custom_1530248212960{margin-top: 0px !important;margin-bottom: 0px !important;padding-top: 0px !important;padding-bottom: 0px !important;}&#8221;][vc_custom_heading text=&#8221;Diplomas and Certificates of our Doctors&#8221; font_container=&#8221;tag:h2|font_size:36px|text_align:center|color:%232d2d2d|line_height:45px&#8221; use_theme_fonts=&#8221;yes&#8221; css_animation=&#8221;none&#8221; css=&#8221;.vc_custom_1533798477647{margin-top: 0px !important;margin-bottom: 0px !important;padding-top: 0px !important;padding-bottom: 0px !important;}&#8221;][\/vc_column_inner][vc_column_inner width=&#8221;1\/6&#8243;][\/vc_column_inner][\/vc_row_inner][vc_row_inner css=&#8221;.vc_custom_1530173120729{margin-top: 0px !important;margin-bottom: 0px !important;padding-top: 0px !important;padding-bottom: 0px !important;}&#8221;][vc_column_inner width=&#8221;1\/12&#8243;][\/vc_column_inner][vc_column_inner width=&#8221;5\/6&#8243;][vc_custom_heading text=&#8221;On the other hand we denounce with righteous indignation and dislike men who are so beguiled and demoralized by the charms of pleasure of the moment so blinded by desire that they cannot foresee. Lorem ipsum dolor sit amet consectetur adipiscing.&#8221; font_container=&#8221;tag:p|text_align:center|color:%23434343&#8243; use_theme_fonts=&#8221;yes&#8221; css_animation=&#8221;none&#8221; css=&#8221;.vc_custom_1533798490806{margin-top: 20px !important;margin-bottom: 0px !important;padding-top: 0px !important;padding-bottom: 0px !important;}&#8221;][\/vc_column_inner][vc_column_inner width=&#8221;1\/12&#8243;][\/vc_column_inner][\/vc_row_inner][\/vc_column][\/vc_row][vc_row full_width=&#8221;stretch_row&#8221; css=&#8221;.vc_custom_1530100859855{margin-top: 0px !important;margin-bottom: 0px !important;padding-top: 40px !important;padding-bottom: 0px !important;}&#8221;][vc_column css_animation=&#8221;fadeIn&#8221; width=&#8221;1\/3&#8243; css=&#8221;.vc_custom_1582545741312{margin-top: 0px !important;margin-bottom: 0px !important;padding-top: 0px !important;padding-bottom: 0px !important;}&#8221;][vc_single_image image=&#8221;8002&#8243; img_size=&#8221;full&#8221; css=&#8221;.vc_custom_1531725667846{margin-top: 0px !important;margin-bottom: 0px !important;padding-top: 0px !important;padding-bottom: 0px !important;}&#8221;][\/vc_column][vc_column css_animation=&#8221;fadeIn&#8221; width=&#8221;1\/3&#8243; css=&#8221;.vc_custom_1582545751240{margin-top: 0px !important;margin-bottom: 0px !important;padding-top: 0px !important;padding-bottom: 0px !important;}&#8221;][vc_single_image image=&#8221;8003&#8243; img_size=&#8221;full&#8221; css=&#8221;.vc_custom_1531725930763{margin-top: 0px !important;margin-bottom: 0px !important;padding-top: 0px !important;padding-bottom: 0px !important;}&#8221;][\/vc_column][vc_column css_animation=&#8221;fadeIn&#8221; width=&#8221;1\/3&#8243; css=&#8221;.vc_custom_1582545764316{margin-top: 0px !important;margin-bottom: 0px !important;padding-top: 0px !important;padding-bottom: 0px !important;}&#8221;][vc_single_image image=&#8221;8004&#8243; img_size=&#8221;full&#8221; css=&#8221;.vc_custom_1531725961939{margin-top: 0px !important;margin-bottom: 0px !important;padding-top: 0px !important;padding-bottom: 0px !important;}&#8221;][\/vc_column][\/vc_row][\/vc_section]<\/p>\n<\/section>","protected":false},"excerpt":{"rendered":"<p>[vc_section full_width=&#8221;stretch_row&#8221; css=&#8221;.vc_custom_1673449977720{margin-top: 0px !important;margin-bottom: 0px !important;padding-top: 0px !important;padding-bottom: 0px !important;background-position: center !important;background-repeat: no-repeat !important;background-size: contain !important;}&#8221; el_class=&#8221;background-position-top-custom&#8221;][vc_row css=&#8221;.vc_custom_1673860759587{padding-top: 30px !important;}&#8221;][vc_column width=&#8221;1\/4&#8243;][vc_single_image image=&#8221;10460&#8243; img_size=&#8221;full&#8221; style=&#8221;vc_box_border&#8221; border_color=&#8221;sky&#8221; onclick=&#8221;img_link_large&#8221; css=&#8221;.vc_custom_1712923202024{margin-top: 0px !important;margin-right: 0px !important;margin-bottom: 0px !important;margin-left: 0px !important;padding-top: 0px !important;padding-right: 0px !important;padding-bottom: 0px !important;padding-left: 0px !important;}&#8221;][\/vc_column][vc_column width=&#8221;1\/4&#8243;][vc_single_image image=&#8221;10195&#8243; img_size=&#8221;full&#8221; style=&#8221;vc_box_border&#8221; border_color=&#8221;sky&#8221; onclick=&#8221;img_link_large&#8221; css=&#8221;.vc_custom_1673860664813{margin-top: 0px !important;margin-right: 0px !important;margin-bottom: [&hellip;]<\/p>\n","protected":false},"author":2,"featured_media":0,"parent":0,"menu_order":0,"comment_status":"closed","ping_status":"closed","template":"","meta":{"footnotes":""},"class_list":["post-10226","page","type-page","status-publish","hentry"],"_links":{"self":[{"href":"https:\/\/rfpconsulting.it\/es\/wp-json\/wp\/v2\/pages\/10226","targetHints":{"allow":["GET"]}}],"collection":[{"href":"https:\/\/rfpconsulting.it\/es\/wp-json\/wp\/v2\/pages"}],"about":[{"href":"https:\/\/rfpconsulting.it\/es\/wp-json\/wp\/v2\/types\/page"}],"author":[{"embeddable":true,"href":"https:\/\/rfpconsulting.it\/es\/wp-json\/wp\/v2\/users\/2"}],"replies":[{"embeddable":true,"href":"https:\/\/rfpconsulting.it\/es\/wp-json\/wp\/v2\/comments?post=10226"}],"version-history":[{"count":9,"href":"https:\/\/rfpconsulting.it\/es\/wp-json\/wp\/v2\/pages\/10226\/revisions"}],"predecessor-version":[{"id":10633,"href":"https:\/\/rfpconsulting.it\/es\/wp-json\/wp\/v2\/pages\/10226\/revisions\/10633"}],"wp:attachment":[{"href":"https:\/\/rfpconsulting.it\/es\/wp-json\/wp\/v2\/media?parent=10226"}],"curies":[{"name":"wp","href":"https:\/\/api.w.org\/{rel}","templated":true}]}}